{"id":1073,"date":"2023-12-28T17:19:49","date_gmt":"2023-12-28T17:19:49","guid":{"rendered":"https:\/\/ocel.cajeztibetu.cz\/?page_id=1073"},"modified":"2023-12-28T17:28:17","modified_gmt":"2023-12-28T17:28:17","slug":"tryskani","status":"publish","type":"page","link":"https:\/\/festrtrade.cz\/en\/tryskani\/","title":{"rendered":"Jetting"},"content":{"rendered":"<div data-elementor-type=\"wp-post\" data-elementor-id=\"1073\" class=\"elementor elementor-1073\">\n\t\t\t\t\t\t\t\t\t<section class=\"elementor-section elementor-top-section elementor-element elementor-element-6e99129 elementor-section-content-middle elementor-section-boxed elementor-section-height-default elementor-section-height-default\" data-id=\"6e99129\" data-element_type=\"section\" data-settings=\"{&quot;background_background&quot;:&quot;classic&quot;,&quot;_ha_eqh_enable&quot;:false}\">\n\t\t\t\t\t\t\t<div class=\"elementor-background-overlay\"><\/div>\n\t\t\t\t\t\t\t<div class=\"elementor-container elementor-column-gap-no\">\n\t\t\t\t\t<div class=\"elementor-column elementor-col-100 elementor-top-column elementor-element elementor-element-4416359\" data-id=\"4416359\" data-element_type=\"column\">\n\t\t\t<div class=\"elementor-widget-wrap elementor-element-populated\">\n\t\t\t\t\t\t\t\t<div class=\"elementor-element elementor-element-754968b elementor-widget elementor-widget-heading\" data-id=\"754968b\" data-element_type=\"widget\" data-widget_type=\"heading.default\">\n\t\t\t\t<div class=\"elementor-widget-container\">\n\t\t\t<style>\/*! elementor - v3.18.0 - 08-12-2023 *\/\n.elementor-heading-title{padding:0;margin:0;line-height:1}.elementor-widget-heading .elementor-heading-title[class*=elementor-size-]>a{color:inherit;font-size:inherit;line-height:inherit}.elementor-widget-heading .elementor-heading-title.elementor-size-small{font-size:15px}.elementor-widget-heading .elementor-heading-title.elementor-size-medium{font-size:19px}.elementor-widget-heading .elementor-heading-title.elementor-size-large{font-size:29px}.elementor-widget-heading .elementor-heading-title.elementor-size-xl{font-size:39px}.elementor-widget-heading .elementor-heading-title.elementor-size-xxl{font-size:59px}<\/style><h1 class=\"elementor-heading-title elementor-size-default\">Jetting<\/h1>\t\t<\/div>\n\t\t\t\t<\/div>\n\t\t\t\t\t<\/div>\n\t\t<\/div>\n\t\t\t\t\t\t\t<\/div>\n\t\t<\/section>\n\t\t\t\t<section class=\"elementor-section elementor-top-section elementor-element elementor-element-6785f070 elementor-section-content-middle elementor-section-boxed elementor-section-height-default elementor-section-height-default\" data-id=\"6785f070\" data-element_type=\"section\" data-settings=\"{&quot;background_background&quot;:&quot;classic&quot;,&quot;_ha_eqh_enable&quot;:false}\">\n\t\t\t\t\t\t<div class=\"elementor-container elementor-column-gap-no\">\n\t\t\t\t\t<div class=\"elementor-column elementor-col-50 elementor-top-column elementor-element elementor-element-236a079\" data-id=\"236a079\" data-element_type=\"column\">\n\t\t\t<div class=\"elementor-widget-wrap elementor-element-populated\">\n\t\t\t\t\t\t\t\t<div class=\"elementor-element elementor-element-3d0aa540 elementor-widget elementor-widget-heading\" data-id=\"3d0aa540\" data-element_type=\"widget\" data-widget_type=\"heading.default\">\n\t\t\t\t<div class=\"elementor-widget-container\">\n\t\t\t<h3 class=\"elementor-heading-title elementor-size-default\">BLASTING STEEL<\/h3>\t\t<\/div>\n\t\t\t\t<\/div>\n\t\t\t\t<div class=\"elementor-element elementor-element-f54774f elementor-widget elementor-widget-heading\" data-id=\"f54774f\" data-element_type=\"widget\" data-widget_type=\"heading.default\">\n\t\t\t\t<div class=\"elementor-widget-container\">\n\t\t\t<h5 class=\"elementor-heading-title elementor-size-default\">We are a company focused on blasting the surface of steel parts, which offers efficient and high-quality services in the field of surface treatment. With an emphasis on detail and precision, we provide blasting that significantly improves the adhesion of coatings and the cleanliness of the steel surface.<\/h5>\t\t<\/div>\n\t\t\t\t<\/div>\n\t\t\t\t<div class=\"elementor-element elementor-element-5aabbfce elementor-widget elementor-widget-text-editor\" data-id=\"5aabbfce\" data-element_type=\"widget\" data-widget_type=\"text-editor.default\">\n\t\t\t\t<div class=\"elementor-widget-container\">\n\t\t\t<style>\/*! elementor - v3.18.0 - 08-12-2023 *\/\n.elementor-widget-text-editor.elementor-drop-cap-view-stacked .elementor-drop-cap{background-color:#69727d;color:#fff}.elementor-widget-text-editor.elementor-drop-cap-view-framed .elementor-drop-cap{color:#69727d;border:3px solid;background-color:transparent}.elementor-widget-text-editor:not(.elementor-drop-cap-view-default) .elementor-drop-cap{margin-top:8px}.elementor-widget-text-editor:not(.elementor-drop-cap-view-default) .elementor-drop-cap-letter{width:1em;height:1em}.elementor-widget-text-editor .elementor-drop-cap{float:left;text-align:center;line-height:1;font-size:50px}.elementor-widget-text-editor .elementor-drop-cap-letter{display:inline-block}<\/style>\t\t\t\t<h4><strong>Blasting technology:<\/strong><\/h4><p>Our blasting technology uses modern equipment and methodologies that enable thorough cleaning of the steel surface. We use suitable blasting materials and pressure that can remove dirt, rust and surface oxidation, which prepares the surface for further painting or treatment.<\/p><h4><strong>Advantages of our services:<\/strong><\/h4><ul><li><strong>Thorough cleaning:<\/strong> We ensure thorough removal of dirt and surface defects.<\/li><li><strong>Preparation for painting:<\/strong> We help to create a surface ideal for painting work.<\/li><li><strong>Protection and aesthetics:<\/strong> We improve surface protection and contribute to improving its appearance.<\/li><\/ul>\t\t\t\t\t\t<\/div>\n\t\t\t\t<\/div>\n\t\t\t\t\t<\/div>\n\t\t<\/div>\n\t\t\t\t<div class=\"elementor-column elementor-col-50 elementor-top-column elementor-element elementor-element-2c9a3eef\" data-id=\"2c9a3eef\" data-element_type=\"column\" data-settings=\"{&quot;background_background&quot;:&quot;classic&quot;}\">\n\t\t\t<div class=\"elementor-widget-wrap elementor-element-populated\">\n\t\t\t\t\t<div class=\"elementor-background-overlay\"><\/div>\n\t\t\t\t\t\t\t\t<div class=\"elementor-element elementor-element-a08fabf elementor-widget elementor-widget-image\" data-id=\"a08fabf\" data-element_type=\"widget\" data-widget_type=\"image.default\">\n\t\t\t\t<div class=\"elementor-widget-container\">\n\t\t\t<style>\/*! elementor - v3.18.0 - 08-12-2023 *\/\n.elementor-widget-image{text-align:center}.elementor-widget-image a{display:inline-block}.elementor-widget-image a img[src$=\".svg\"]{width:48px}.elementor-widget-image img{vertical-align:middle;display:inline-block}<\/style>\t\t\t\t\t\t\t\t\t\t\t\t<img fetchpriority=\"high\" decoding=\"async\" width=\"2000\" height=\"1333\" src=\"https:\/\/festrtrade.cz\/wp-content\/uploads\/2023\/12\/Finishing-Background.jpg\" class=\"attachment-full size-full wp-image-1066\" alt=\"\" srcset=\"https:\/\/festrtrade.cz\/wp-content\/uploads\/2023\/12\/Finishing-Background.jpg 2000w, https:\/\/festrtrade.cz\/wp-content\/uploads\/2023\/12\/Finishing-Background-300x200.jpg 300w, https:\/\/festrtrade.cz\/wp-content\/uploads\/2023\/12\/Finishing-Background-1024x682.jpg 1024w, https:\/\/festrtrade.cz\/wp-content\/uploads\/2023\/12\/Finishing-Background-768x512.jpg 768w, https:\/\/festrtrade.cz\/wp-content\/uploads\/2023\/12\/Finishing-Background-1536x1024.jpg 1536w, https:\/\/festrtrade.cz\/wp-content\/uploads\/2023\/12\/Finishing-Background-18x12.jpg 18w\" sizes=\"(max-width: 2000px) 100vw, 2000px\" \/>\t\t\t\t\t\t\t\t\t\t\t\t\t\t\t<\/div>\n\t\t\t\t<\/div>\n\t\t\t\t\t<\/div>\n\t\t<\/div>\n\t\t\t\t\t\t\t<\/div>\n\t\t<\/section>\n\t\t\t\t<section class=\"elementor-section elementor-top-section elementor-element elementor-element-258f1039 elementor-section-boxed elementor-section-height-default elementor-section-height-default\" data-id=\"258f1039\" data-element_type=\"section\" data-settings=\"{&quot;background_background&quot;:&quot;classic&quot;,&quot;_ha_eqh_enable&quot;:false}\">\n\t\t\t\t\t\t\t<div class=\"elementor-background-overlay\"><\/div>\n\t\t\t\t\t\t\t<div class=\"elementor-container elementor-column-gap-no\">\n\t\t\t\t\t<div class=\"elementor-column elementor-col-100 elementor-top-column elementor-element elementor-element-d52030c\" data-id=\"d52030c\" data-element_type=\"column\">\n\t\t\t<div class=\"elementor-widget-wrap elementor-element-populated\">\n\t\t\t\t\t\t\t\t<div class=\"elementor-element elementor-element-a0fa8fe elementor-widget elementor-widget-text-editor\" data-id=\"a0fa8fe\" data-element_type=\"widget\" data-widget_type=\"text-editor.default\">\n\t\t\t\t<div class=\"elementor-widget-container\">\n\t\t\t\t\t\t\t<h4><strong>Our experience:<\/strong><\/h4><p>With many years of experience and expertise in the field of surface blasting of steel parts, we are able to meet the requirements of our customers. We strive to bring high quality services and effective solutions for various industrial and individual needs.<\/p><p>If you are looking for a reliable company for blasting the surface of steel parts, contact us for more information. We are here to help you achieve the optimal surface condition of your parts.<\/p>\t\t\t\t\t\t<\/div>\n\t\t\t\t<\/div>\n\t\t\t\t\t<\/div>\n\t\t<\/div>\n\t\t\t\t\t\t\t<\/div>\n\t\t<\/section>\n\t\t\t\t\t\t\t<\/div>","protected":false},"excerpt":{"rendered":"<p>Trysk\u00e1n\u00ed TRYSK\u00c1N\u00cd OCELI Jsme firma zam\u011b\u0159uj\u00edc\u00ed se na trysk\u00e1n\u00ed povrchu ocelov\u00fdch d\u00edl\u016f, kter\u00e1 nab\u00edz\u00ed efektivn\u00ed a kvalitn\u00ed slu\u017eby v oblasti povrchov\u00e9 \u00fapravy. S d\u016frazem na detail a preciznost poskytujeme trysk\u00e1n\u00ed, kter\u00e9 v\u00fdrazn\u011b zlep\u0161uje p\u0159ilnavost n\u00e1t\u011br\u016f a \u010distotu povrchu oceli. Technologie trysk\u00e1n\u00ed: Na\u0161e technologie trysk\u00e1n\u00ed vyu\u017e\u00edv\u00e1 modern\u00ed za\u0159\u00edzen\u00ed a metodologie, kter\u00e9 umo\u017e\u0148uj\u00ed d\u016fkladn\u00e9 o\u010di\u0161t\u011bn\u00ed povrchu oceli. &hellip;<\/p>\n<p class=\"read-more\"> <a class=\"\" href=\"https:\/\/festrtrade.cz\/en\/tryskani\/\"> <span class=\"screen-reader-text\">Jetting<\/span> Read More &raquo;<\/a><\/p>","protected":false},"author":1,"featured_media":0,"parent":0,"menu_order":0,"comment_status":"closed","ping_status":"closed","template":"","meta":{"inline_featured_image":false,"site-sidebar-layout":"default","site-content-layout":"page-builder","ast-site-content-layout":"full-width-container","site-content-style":"unboxed","site-sidebar-style":"unboxed","ast-global-header-display":"","ast-banner-title-visibility":"","ast-main-header-display":"","ast-hfb-above-header-display":"","ast-hfb-below-header-display":"","ast-hfb-mobile-header-display":"","site-post-title":"disabled","ast-breadcrumbs-content":"","ast-featured-img":"disabled","footer-sml-layout":"","theme-transparent-header-meta":"enabled","adv-header-id-meta":"","stick-header-meta":"","header-above-stick-meta":"","header-main-stick-meta":"","header-below-stick-meta":"","astra-migrate-meta-layouts":"set","ast-page-background-enabled":"default","ast-page-background-meta":{"desktop":{"background-color":"","background-image":"","background-repeat":"repeat","background-position":"center center","background-size":"auto","background-attachment":"scroll","background-type":"","background-media":"","overlay-type":"","overlay-color":"","overlay-gradient":""},"tablet":{"background-color":"","background-image":"","background-repeat":"repeat","background-position":"center center","background-size":"auto","background-attachment":"scroll","background-type":"","background-media":"","overlay-type":"","overlay-color":"","overlay-gradient":""},"mobile":{"background-color":"","background-image":"","background-repeat":"repeat","background-position":"center center","background-size":"auto","background-attachment":"scroll","background-type":"","background-media":"","overlay-type":"","overlay-color":"","overlay-gradient":""}},"ast-content-background-meta":{"desktop":{"background-color":"var(--ast-global-color-5)","background-image":"","background-repeat":"repeat","background-position":"center center","background-size":"auto","background-attachment":"scroll","background-type":"","background-media":"","overlay-type":"","overlay-color":"","overlay-gradient":""},"tablet":{"background-color":"var(--ast-global-color-5)","background-image":"","background-repeat":"repeat","background-position":"center center","background-size":"auto","background-attachment":"scroll","background-type":"","background-media":"","overlay-type":"","overlay-color":"","overlay-gradient":""},"mobile":{"background-color":"var(--ast-global-color-5)","background-image":"","background-repeat":"repeat","background-position":"center center","background-size":"auto","background-attachment":"scroll","background-type":"","background-media":"","overlay-type":"","overlay-color":"","overlay-gradient":""}},"footnotes":""},"class_list":["post-1073","page","type-page","status-publish","hentry"],"_links":{"self":[{"href":"https:\/\/festrtrade.cz\/en\/wp-json\/wp\/v2\/pages\/1073","targetHints":{"allow":["GET"]}}],"collection":[{"href":"https:\/\/festrtrade.cz\/en\/wp-json\/wp\/v2\/pages"}],"about":[{"href":"https:\/\/festrtrade.cz\/en\/wp-json\/wp\/v2\/types\/page"}],"author":[{"embeddable":true,"href":"https:\/\/festrtrade.cz\/en\/wp-json\/wp\/v2\/users\/1"}],"replies":[{"embeddable":true,"href":"https:\/\/festrtrade.cz\/en\/wp-json\/wp\/v2\/comments?post=1073"}],"version-history":[{"count":10,"href":"https:\/\/festrtrade.cz\/en\/wp-json\/wp\/v2\/pages\/1073\/revisions"}],"predecessor-version":[{"id":1098,"href":"https:\/\/festrtrade.cz\/en\/wp-json\/wp\/v2\/pages\/1073\/revisions\/1098"}],"wp:attachment":[{"href":"https:\/\/festrtrade.cz\/en\/wp-json\/wp\/v2\/media?parent=1073"}],"curies":[{"name":"wp","href":"https:\/\/api.w.org\/{rel}","templated":true}]}}